{"id":7,"date":"2026-03-22T18:02:50","date_gmt":"2026-03-22T17:02:50","guid":{"rendered":"https:\/\/lisaschlichting.at\/ws\/?page_id=7"},"modified":"2026-03-27T06:10:27","modified_gmt":"2026-03-27T05:10:27","slug":"live-workshops-mattersburg","status":"publish","type":"page","link":"https:\/\/lisaschlichting.at\/ws\/","title":{"rendered":"Live Workshops Mattersburg"},"content":{"rendered":"<p><img loading=\"lazy\" decoding=\"async\" class=\"op3-element__image op3-element-image__image\" src=\"https:\/\/lisaschlichting.at\/ws\/wp-content\/uploads\/2026\/03\/header_mobil.png\" alt=\"\" title=\"header_mobil\" width=\"600\" height=\"566\" data-op3-attachment-id=\"51\" \/><img loading=\"lazy\" decoding=\"async\" class=\"op3-element__image op3-element-image__image\" src=\"https:\/\/lisaschlichting.at\/ws\/wp-content\/uploads\/2026\/03\/header_2.png\" alt=\"\" title=\"header_2\" width=\"1500\" height=\"660\" data-op3-attachment-id=\"81\" \/><a aria-label=\"Button link\" href=\"#op3-element-69GLFIi3\" class=\"op3-element__tcp--non-a op3-link op3-background-ancestor\" target=\"_self\"  data-op-action=\"jumpToElement\" data-op-select-funnel-step=\"\" data-op3-smooth-scroll=\"0\" data-op-effect-style=\"\" data-op-effect-style-hover=\"\" data-op-courseaction=\"\">Workshop-Termine<\/a><img loading=\"lazy\" decoding=\"async\" class=\"op3-element__image op3-element-image__image\" src=\"https:\/\/lisaschlichting.at\/ws\/wp-content\/uploads\/2026\/03\/grafik_lisa_2-2.png\" alt=\"\" title=\"grafik_lisa_2\" width=\"840\" height=\"534\" data-op3-attachment-id=\"86\" \/><\/p>\n<h2>Workshop 1: Dein Nischen-Post<\/h2>\n<h2>Dein Nischen-Post f\u00fcr Blog oder Social Media mit Lisa<\/h2>\n<h3>Lerne die besten Tools kennen, um schnell und einfach einen Beitrag zu erstellen, der deinen Expertenstatus in deinem Bereich klar kommuniziert.<\/h3>\n<p>Wir erarbeiten deine \u201eBesonderheit\u201c innerhalb deiner Branche.Wir suchen nach interessanten Themen und Keywords.Du bekommst Tipps, um mit KI (ChatGPT oder&nbsp;Claude) einen Text zu schreiben.Du lernst, mit Canva eine Grafik zu gestalten.<\/p>\n<p>Women only: Ein Workshop nur f\u00fcr FrauenVorkenntnisse: KeineTeilnehmerinnenzahl: 8-10 TeilnehmerinnenKosten: Einzelworkshop 29 \u20ac \/\/ Workshop 1+ 2 um 49 \u20ac \/\/ inklusive 20% Ust.Vorbereitung: komme mit deinem Notebook und einem bereits angelegten kostenlosen Canva-Account. Falls du Fragen hast, schreib mir unter <a href=\"mailto:office@lisaschlichting.at\" rel=\"nofollow\">office@lisaschlichting.at<\/a>&nbsp;\/\/ <a href=\"https:\/\/lisaschlichting.at\" target=\"_blank\">lisaschlichting.at<\/a><\/p>\n<p><a aria-label=\"Button link\" href=\"#op3-element-69GLFIi3\" class=\"op3-element__tcp--non-a op3-link op3-background-ancestor\" target=\"_self\"  data-op-action=\"jumpToElement\" data-op-select-funnel-step=\"\" data-op3-smooth-scroll=\"0\" data-op-effect-style=\"\" data-op-effect-style-hover=\"\" data-op-courseaction=\"\">Workshop-Termine<\/a><\/p>\n<h2>Workshop 2: IT-Sicherheit &amp; DSGVO<\/h2>\n<h2>Ein klarer Fahrplan zum mit nach Hause nehmen<\/h2>\n<h3>IT-Sicherheitsbasics: Passw\u00f6rter, Updates, Sicherungen \u2013 so viel wie n\u00f6tig, so wenig Aufwand wie m\u00f6glich.<\/h3>\n<p>Lerne die wichtigsten und zugleich einfachsten IT-Sicherheitsma\u00dfnahmen kennen.Lerne zwei kostenlose Tools kennen, die dir viele Sorgen abnehmen.Lerne ein DSGVO-konformes Terminbuchungstool kennen.Hot Seat: Es gibt keine dummen Fragen \u2013 hier ist Zeit f\u00fcr alles, was du \u00fcber IT-Sicherheit und Datenschutz wissen willst.<\/p>\n<p>Women only: Ein Workshop nur f\u00fcr FrauenVorkenntnisse: KeineTeilnehmerinnenzahl: max. 15 TeilnehmerinnenKosten: Einzelworkshop 29 \u20ac \/\/ Workshop 1+ 2 um 49 \u20ac \/\/ inklusive 20% Ust.Vorbereitung: keine Vorbereitungen oder Voraussetzungen notwendig.Falls du Fragen hast, schreib mir unter&nbsp;<a href=\"mailto:office@digitalassistance.at\" rel=\"nofollow\">office@digitalassistance.at<\/a> \/\/&nbsp;<a href=\"https:\/\/digitalassistance.at\" target=\"_blank\">digitalassistance.at<\/a><\/p>\n<p><img loading=\"lazy\" decoding=\"async\" class=\"op3-element__image op3-element-image__image\" src=\"https:\/\/lisaschlichting.at\/ws\/wp-content\/uploads\/2026\/03\/grafik_stefan_2-1.png\" alt=\"\" title=\"grafik_stefan_2\" width=\"843\" height=\"555\" data-op3-attachment-id=\"88\" \/><\/p>\n<h2>Termine<\/h2>\n<p><img loading=\"lazy\" decoding=\"async\" class=\"op3-element__image op3-element-image__image\" src=\"https:\/\/lisaschlichting.at\/ws\/wp-content\/uploads\/2026\/03\/workshop.png\" alt=\"\" title=\"workshop\" width=\"320\" height=\"320\" data-op3-attachment-id=\"36\" \/><\/p>\n<h2>29.4.2026 \/\/ Coworkingspace Easydesk \/\/ Am Anger 1 \/\/ 7210 Mattersburg<\/h2>\n<p>Workshop 1 + Workshop 29:00-12:30 Uhr mit Lisa Schlichting und Stefan Umgeher<\/p>\n<p><a aria-label=\"Button link\" href=\"https:\/\/buy.stripe.com\/9B63cv5zHdoXdtlaPp0gw02\" class=\"op3-element__tcp--non-a op3-link op3-background-ancestor\" target=\"_blank\" rel=\"nofollow\" data-op-action=\"link\" data-op-select-funnel-step=\"\" data-op3-smooth-scroll=\"0\" data-op-effect-style=\"\" data-op-effect-style-hover=\"\" data-op-courseaction=\"\">WS 1 + WS 2 um 49 \u20ac buchen<\/a><\/p>\n<p>Workshop 1: Dein Nischen-Post9:00-10:30 Uhr<\/p>\n<p><a aria-label=\"Button link\" href=\"https:\/\/buy.stripe.com\/8x228r3rz2Kj60T1eP0gw00\" class=\"op3-element__tcp--non-a op3-link op3-background-ancestor\" target=\"_blank\" rel=\"nofollow\" data-op-action=\"link\" data-op-select-funnel-step=\"\" data-op3-smooth-scroll=\"0\" data-op-effect-style=\"\" data-op-effect-style-hover=\"\" data-op-courseaction=\"\">WS 1 um 29 \u20ac buchen<\/a><\/p>\n<p>Workshop 2: IT-Sicherheit &amp; DSGVO11:00-12:30 Uhr mit Stefan Umgeher<\/p>\n<p><a aria-label=\"Button link\" href=\"https:\/\/buy.stripe.com\/6oUaEX0fn98H1KD0aL0gw01\" class=\"op3-element__tcp--non-a op3-link op3-background-ancestor\" target=\"_blank\" rel=\"nofollow\" data-op-action=\"link\" data-op-select-funnel-step=\"\" data-op3-smooth-scroll=\"0\" data-op-effect-style=\"\" data-op-effect-style-hover=\"\" data-op-courseaction=\"\">WS 2 um 29 \u20ac buchen<\/a><img loading=\"lazy\" decoding=\"async\" class=\"op3-element__image op3-element-image__image\" src=\"https:\/\/lisaschlichting.at\/ws\/wp-content\/uploads\/2026\/03\/workshop.png\" alt=\"\" title=\"workshop\" width=\"320\" height=\"320\" data-op3-attachment-id=\"36\" \/><\/p>\n<h2>14.5.2026 \/\/ Coworkingspace Easydesk \/\/ Am Anger 1 \/\/ 7210 Mattersburg<\/h2>\n<p>Workshop 1 + Workshop 217:30-21:00 Uhr mit Lisa Schlichting und Stefan Umgeher<\/p>\n<p><a aria-label=\"Button link\" href=\"https:\/\/buy.stripe.com\/3cI6oH8LT4SrfBtaPp0gw05\" class=\"op3-element__tcp--non-a op3-link op3-background-ancestor\" target=\"_blank\" rel=\"nofollow\" data-op-action=\"link\" data-op-select-funnel-step=\"\" data-op3-smooth-scroll=\"0\" data-op-effect-style=\"\" data-op-effect-style-hover=\"\" data-op-courseaction=\"\">WS 1 + WS 2 um 49 \u20ac buchen<\/a><\/p>\n<p>Workshop 1: Dein Nischen-Post17:30-19:00 Uhr<\/p>\n<p><a aria-label=\"Button link\" href=\"https:\/\/buy.stripe.com\/9B6fZh2nvet13SLcXx0gw03\" class=\"op3-element__tcp--non-a op3-link op3-background-ancestor\" target=\"_blank\" rel=\"nofollow\" data-op-action=\"link\" data-op-select-funnel-step=\"\" data-op3-smooth-scroll=\"0\" data-op-effect-style=\"\" data-op-effect-style-hover=\"\" data-op-courseaction=\"\">WS 1 um 29 \u20ac buchen<\/a><\/p>\n<p>Workshop 2: IT-Sicherheit &amp; DSGVO19:30-21:00 Uhr mit Stefan Umgeher<\/p>\n<p><a aria-label=\"Button link\" href=\"https:\/\/buy.stripe.com\/eVq9ATaU1et10Gz5v50gw04\" class=\"op3-element__tcp--non-a op3-link op3-background-ancestor\" target=\"_blank\" rel=\"nofollow\" data-op-action=\"link\" data-op-select-funnel-step=\"\" data-op3-smooth-scroll=\"0\" data-op-effect-style=\"\" data-op-effect-style-hover=\"\" data-op-courseaction=\"\">WS 2 um 29 \u20ac buchen<\/a><\/p>\n<h2>Die Vortragenden<\/h2>\n<p><img loading=\"lazy\" decoding=\"async\" class=\"op3-element__image op3-element-image__image\" src=\"https:\/\/lisaschlichting.at\/ws\/wp-content\/uploads\/2026\/03\/foto_lisa.png\" alt=\"\" title=\"foto_lisa\" width=\"135\" height=\"135\" data-op3-attachment-id=\"58\" \/><\/p>\n<h2>Lisa Schlichting \/\/ Digitalagentur<\/h2>\n<p>Seit \u00fcber 20 Jahren inder Medienbranche t\u00e4tig:Web- &amp; Grafikdesign, Positionierung und Marketing, Contenterstellung<a href=\"https:\/\/www.lisaschlichting.at\" target=\"_blank\">www.lisaschlichting.at<\/a> \/\/ <a href=\"mailto:office@lisaschlichting.at\">office@lisaschlichting.at<\/a> \/\/ 0699 10 254 353<\/p>\n<p><img loading=\"lazy\" decoding=\"async\" class=\"op3-element__image op3-element-image__image\" src=\"https:\/\/lisaschlichting.at\/ws\/wp-content\/uploads\/2026\/03\/foto_Stefan.png\" alt=\"\" title=\"foto_Stefan\" width=\"200\" height=\"200\" data-op3-attachment-id=\"57\" \/><\/p>\n<h2>Stefan Umgeher \/\/ IT- und Digitalberater<\/h2>\n<p>Certified Data &amp; IT-Security Expert &amp; gepr\u00fcfter Datenschutzexperte:IT \u2013 von Software \u00fcber Sicherheit bis hin zu ma\u00dfgeschneiderten L\u00f6sungen<a href=\"https:\/\/www.sichermit.at\" rel=\"nofollow\">www.sichermit.at<\/a>&nbsp;\/\/&nbsp;<a href=\"mailto:office@digitalassistance.at\">office@digitalassistance.at<\/a> \/\/&nbsp;0263 721900<\/p>\n<p>Lisa Schlichting \/\/ Impressum<\/p>\n<p>Wiener Neustadt \/\/ Neunkirchen \/\/ Wien        0699 10 254 353    <a href=\"mailto:office@lisaschlichting.at\">office@lisaschlichting.at<\/a><a href=\"https:\/\/lisaschlichting.at\" target=\"_blank\">lisaschlichting.at<\/a><\/p>\n<p>    Firmenstandort: Sperrgasse 3\/23, 1150 Wien    UID-Nr: ATU56607899    Kammerzugeh\u00f6rigkeit: Wiener Wirtschaftskammer    Gewerbe: Multimediaagentur<\/p>\n<p><a href=\"https:\/\/app.privacybee.io\/v\/cmn7rffqf0klit331exdgzu4v?lang=de&amp;type=dsgvo\" target=\"_blank\">Datenschutzerklaerung<\/a><\/p>\n","protected":false},"excerpt":{"rendered":"<p>Workshop-Termine Workshop 1: Dein Nischen-Post Dein Nischen-Post f\u00fcr Blog oder Social Media mit Lisa Lerne die besten Tools kennen, um schnell und einfach einen Beitrag zu erstellen, der deinen Expertenstatus in deinem Bereich klar kommuniziert. Wir erarbeiten deine \u201eBesonderheit\u201c innerhalb deiner Branche.Wir suchen nach interessanten Themen und Keywords.Du bekommst Tipps, um mit KI (ChatGPT oder&nbsp;Claude) [&hellip;]<\/p>\n","protected":false},"author":1,"featured_media":0,"parent":0,"menu_order":0,"comment_status":"closed","ping_status":"closed","template":"op_builder_blank","meta":{"footnotes":""},"class_list":["post-7","page","type-page","status-publish","hentry"],"_links":{"self":[{"href":"https:\/\/lisaschlichting.at\/ws\/wp-json\/wp\/v2\/pages\/7","targetHints":{"allow":["GET"]}}],"collection":[{"href":"https:\/\/lisaschlichting.at\/ws\/wp-json\/wp\/v2\/pages"}],"about":[{"href":"https:\/\/lisaschlichting.at\/ws\/wp-json\/wp\/v2\/types\/page"}],"author":[{"embeddable":true,"href":"https:\/\/lisaschlichting.at\/ws\/wp-json\/wp\/v2\/users\/1"}],"replies":[{"embeddable":true,"href":"https:\/\/lisaschlichting.at\/ws\/wp-json\/wp\/v2\/comments?post=7"}],"version-history":[{"count":37,"href":"https:\/\/lisaschlichting.at\/ws\/wp-json\/wp\/v2\/pages\/7\/revisions"}],"predecessor-version":[{"id":44,"href":"https:\/\/lisaschlichting.at\/ws\/wp-json\/wp\/v2\/pages\/7\/revisions\/44"}],"wp:attachment":[{"href":"https:\/\/lisaschlichting.at\/ws\/wp-json\/wp\/v2\/media?parent=7"}],"curies":[{"name":"wp","href":"https:\/\/api.w.org\/{rel}","templated":true}]}}